{"id":398,"date":"2021-10-11T11:09:37","date_gmt":"2021-10-11T11:09:37","guid":{"rendered":"https:\/\/rezmovits.hu\/law-of-privacy\/"},"modified":"2021-10-14T07:49:03","modified_gmt":"2021-10-14T07:49:03","slug":"law-of-privacy","status":"publish","type":"page","link":"https:\/\/rezmovits.hu\/en\/law-of-privacy\/","title":{"rendered":"Law of privacy"},"content":{"rendered":"\t\t<div data-elementor-type=\"wp-page\" data-elementor-id=\"398\" class=\"elementor elementor-398 elementor-33\" data-elementor-post-type=\"page\">\n\t\t\t\t\t\t<section class=\"elementor-section elementor-top-section elementor-element elementor-element-37a77a5 elementor-section-height-min-height elementor-section-boxed elementor-section-height-default elementor-section-items-middle\" data-id=\"37a77a5\" data-element_type=\"section\" data-e-type=\"section\" data-settings=\"{&quot;jet_parallax_layout_list&quot;:[{&quot;jet_parallax_layout_image&quot;:{&quot;url&quot;:&quot;&quot;,&quot;id&quot;:&quot;&quot;,&quot;size&quot;:&quot;&quot;},&quot;_id&quot;:&quot;8b113b0&quot;,&quot;jet_parallax_layout_image_tablet&quot;:{&quot;url&quot;:&quot;&quot;,&quot;id&quot;:&quot;&quot;,&quot;size&quot;:&quot;&quot;},&quot;jet_parallax_layout_image_mobile&quot;:{&quot;url&quot;:&quot;&quot;,&quot;id&quot;:&quot;&quot;,&quot;size&quot;:&quot;&quot;},&quot;jet_parallax_layout_speed&quot;:{&quot;unit&quot;:&quot;%&quot;,&quot;size&quot;:50,&quot;sizes&quot;:[]},&quot;jet_parallax_layout_type&quot;:&quot;scroll&quot;,&quot;jet_parallax_layout_direction&quot;:&quot;1&quot;,&quot;jet_parallax_layout_fx_direction&quot;:null,&quot;jet_parallax_layout_z_index&quot;:&quot;&quot;,&quot;jet_parallax_layout_bg_x&quot;:50,&quot;jet_parallax_layout_bg_x_tablet&quot;:&quot;&quot;,&quot;jet_parallax_layout_bg_x_mobile&quot;:&quot;&quot;,&quot;jet_parallax_layout_bg_y&quot;:50,&quot;jet_parallax_layout_bg_y_tablet&quot;:&quot;&quot;,&quot;jet_parallax_layout_bg_y_mobile&quot;:&quot;&quot;,&quot;jet_parallax_layout_bg_size&quot;:&quot;auto&quot;,&quot;jet_parallax_layout_bg_size_tablet&quot;:&quot;&quot;,&quot;jet_parallax_layout_bg_size_mobile&quot;:&quot;&quot;,&quot;jet_parallax_layout_animation_prop&quot;:&quot;transform&quot;,&quot;jet_parallax_layout_on&quot;:[&quot;desktop&quot;,&quot;tablet&quot;]}],&quot;background_background&quot;:&quot;classic&quot;}\">\n\t\t\t\t\t\t\t<div class=\"elementor-background-overlay\"><\/div>\n\t\t\t\t\t\t\t<div class=\"elementor-container elementor-column-gap-default\">\n\t\t\t\t\t<div class=\"elementor-column elementor-col-100 elementor-top-column elementor-element elementor-element-80a6a77\" data-id=\"80a6a77\" data-element_type=\"column\" data-e-type=\"column\">\n\t\t\t<div class=\"elementor-widget-wrap elementor-element-populated\">\n\t\t\t\t\t\t<div class=\"elementor-element elementor-element-b64bc00 elementor-widget elementor-widget-heading\" data-id=\"b64bc00\" data-element_type=\"widget\" data-e-type=\"widget\" data-widget_type=\"heading.default\">\n\t\t\t\t<div class=\"elementor-widget-container\">\n\t\t\t\t\t<h1 class=\"elementor-heading-title elementor-size-default\">Law of privacy<\/h1>\t\t\t\t<\/div>\n\t\t\t\t<\/div>\n\t\t\t\t\t<\/div>\n\t\t<\/div>\n\t\t\t\t\t<\/div>\n\t\t<\/section>\n\t\t\t\t<section class=\"elementor-section elementor-top-section elementor-element elementor-element-ab698bc elementor-section-boxed elementor-section-height-default elementor-section-height-default\" data-id=\"ab698bc\" data-element_type=\"section\" data-e-type=\"section\" data-settings=\"{&quot;jet_parallax_layout_list&quot;:[{&quot;jet_parallax_layout_image&quot;:{&quot;url&quot;:&quot;&quot;,&quot;id&quot;:&quot;&quot;,&quot;size&quot;:&quot;&quot;},&quot;_id&quot;:&quot;32b3f39&quot;,&quot;jet_parallax_layout_image_tablet&quot;:{&quot;url&quot;:&quot;&quot;,&quot;id&quot;:&quot;&quot;,&quot;size&quot;:&quot;&quot;},&quot;jet_parallax_layout_image_mobile&quot;:{&quot;url&quot;:&quot;&quot;,&quot;id&quot;:&quot;&quot;,&quot;size&quot;:&quot;&quot;},&quot;jet_parallax_layout_speed&quot;:{&quot;unit&quot;:&quot;%&quot;,&quot;size&quot;:50,&quot;sizes&quot;:[]},&quot;jet_parallax_layout_type&quot;:&quot;scroll&quot;,&quot;jet_parallax_layout_direction&quot;:&quot;1&quot;,&quot;jet_parallax_layout_fx_direction&quot;:null,&quot;jet_parallax_layout_z_index&quot;:&quot;&quot;,&quot;jet_parallax_layout_bg_x&quot;:50,&quot;jet_parallax_layout_bg_x_tablet&quot;:&quot;&quot;,&quot;jet_parallax_layout_bg_x_mobile&quot;:&quot;&quot;,&quot;jet_parallax_layout_bg_y&quot;:50,&quot;jet_parallax_layout_bg_y_tablet&quot;:&quot;&quot;,&quot;jet_parallax_layout_bg_y_mobile&quot;:&quot;&quot;,&quot;jet_parallax_layout_bg_size&quot;:&quot;auto&quot;,&quot;jet_parallax_layout_bg_size_tablet&quot;:&quot;&quot;,&quot;jet_parallax_layout_bg_size_mobile&quot;:&quot;&quot;,&quot;jet_parallax_layout_animation_prop&quot;:&quot;transform&quot;,&quot;jet_parallax_layout_on&quot;:[&quot;desktop&quot;,&quot;tablet&quot;]}]}\">\n\t\t\t\t\t\t<div class=\"elementor-container elementor-column-gap-default\">\n\t\t\t\t\t<div class=\"elementor-column elementor-col-100 elementor-top-column elementor-element elementor-element-505810e\" data-id=\"505810e\" data-element_type=\"column\" data-e-type=\"column\">\n\t\t\t<div class=\"elementor-widget-wrap elementor-element-populated\">\n\t\t\t\t\t\t<div class=\"elementor-element elementor-element-f783fc1 elementor-widget elementor-widget-text-editor\" data-id=\"f783fc1\" data-element_type=\"widget\" data-e-type=\"widget\" data-widget_type=\"text-editor.default\">\n\t\t\t\t<div class=\"elementor-widget-container\">\n\t\t\t\t\t\t\t\t\t<p>We offer the following services to our clients in the field of data protection:<\/p>\n\t\t\t\t\t\t\t\t<\/div>\n\t\t\t\t<\/div>\n\t\t\t\t<div class=\"elementor-element elementor-element-840fbc4 elementor-icon-list--layout-traditional elementor-list-item-link-full_width elementor-widget elementor-widget-icon-list\" data-id=\"840fbc4\" data-element_type=\"widget\" data-e-type=\"widget\" data-widget_type=\"icon-list.default\">\n\t\t\t\t<div class=\"elementor-widget-container\">\n\t\t\t\t\t\t\t<ul class=\"elementor-icon-list-items\">\n\t\t\t\t\t\t\t<li class=\"elementor-icon-list-item\">\n\t\t\t\t\t\t\t\t\t\t\t<span class=\"elementor-icon-list-icon\">\n\t\t\t\t\t\t\t<i aria-hidden=\"true\" class=\"fas fa-check\"><\/i>\t\t\t\t\t\t<\/span>\n\t\t\t\t\t\t\t\t\t\t<span class=\"elementor-icon-list-text\">Carrying out a comprehensive data protection audit, revealing omissions and mistakes, consulting with regard to formation of data protection and processing systems, ensuring legality of existing systems,<\/span>\n\t\t\t\t\t\t\t\t\t<\/li>\n\t\t\t\t\t\t\t\t<li class=\"elementor-icon-list-item\">\n\t\t\t\t\t\t\t\t\t\t\t<span class=\"elementor-icon-list-icon\">\n\t\t\t\t\t\t\t<i aria-hidden=\"true\" class=\"fas fa-check\"><\/i>\t\t\t\t\t\t<\/span>\n\t\t\t\t\t\t\t\t\t\t<span class=\"elementor-icon-list-text\">Preparing and commenting on GDPR compatible internal regulations, policies, statements, information sheets, and instructions;<\/span>\n\t\t\t\t\t\t\t\t\t<\/li>\n\t\t\t\t\t\t\t\t<li class=\"elementor-icon-list-item\">\n\t\t\t\t\t\t\t\t\t\t\t<span class=\"elementor-icon-list-icon\">\n\t\t\t\t\t\t\t<i aria-hidden=\"true\" class=\"fas fa-check\"><\/i>\t\t\t\t\t\t<\/span>\n\t\t\t\t\t\t\t\t\t\t<span class=\"elementor-icon-list-text\">Ensuring compliance and legality of video surveillance, and entry controlling systems, internet home pages;<\/span>\n\t\t\t\t\t\t\t\t\t<\/li>\n\t\t\t\t\t\t\t\t<li class=\"elementor-icon-list-item\">\n\t\t\t\t\t\t\t\t\t\t\t<span class=\"elementor-icon-list-icon\">\n\t\t\t\t\t\t\t<i aria-hidden=\"true\" class=\"fas fa-check\"><\/i>\t\t\t\t\t\t<\/span>\n\t\t\t\t\t\t\t\t\t\t<span class=\"elementor-icon-list-text\">Proving trainings and conducting internal conferences about data protection based on our own training materials;<\/span>\n\t\t\t\t\t\t\t\t\t<\/li>\n\t\t\t\t\t\t\t\t<li class=\"elementor-icon-list-item\">\n\t\t\t\t\t\t\t\t\t\t\t<span class=\"elementor-icon-list-icon\">\n\t\t\t\t\t\t\t<i aria-hidden=\"true\" class=\"fas fa-check\"><\/i>\t\t\t\t\t\t<\/span>\n\t\t\t\t\t\t\t\t\t\t<span class=\"elementor-icon-list-text\">Providing continuous legal support in data protection matters.<\/span>\n\t\t\t\t\t\t\t\t\t<\/li>\n\t\t\t\t\t\t<\/ul>\n\t\t\t\t\t\t<\/div>\n\t\t\t\t<\/div>\n\t\t\t\t<div class=\"elementor-element elementor-element-bb2cf99 elementor-widget elementor-widget-text-editor\" data-id=\"bb2cf99\" data-element_type=\"widget\" data-e-type=\"widget\" data-widget_type=\"text-editor.default\">\n\t\t\t\t<div class=\"elementor-widget-container\">\n\t\t\t\t\t\t\t\t\t<p>We accomplished GDPR compliance for several corporate clients out of which arranging for full compliance with the GDPR of a nursing home for elderly (consisting of four companies) which inevitable processes a great number of sensitive personal data, that of a Hungarian-owned industrial manufacturing company applying state-of-the-art technology and the preparation of the complete data processing contractual documentation for a credit institution playing an outstanding role in the Hungarian financial market are to be noted.<\/p>\n\t\t\t\t\t\t\t\t<\/div>\n\t\t\t\t<\/div>\n\t\t\t\t\t<\/div>\n\t\t<\/div>\n\t\t\t\t\t<\/div>\n\t\t<\/section>\n\t\t\t\t<section class=\"elementor-section elementor-top-section elementor-element elementor-element-3428646 elementor-section-boxed elementor-section-height-default elementor-section-height-default\" data-id=\"3428646\" data-element_type=\"section\" data-e-type=\"section\" data-settings=\"{&quot;jet_parallax_layout_list&quot;:[{&quot;jet_parallax_layout_image&quot;:{&quot;url&quot;:&quot;&quot;,&quot;id&quot;:&quot;&quot;,&quot;size&quot;:&quot;&quot;},&quot;_id&quot;:&quot;29390cf&quot;,&quot;jet_parallax_layout_image_tablet&quot;:{&quot;url&quot;:&quot;&quot;,&quot;id&quot;:&quot;&quot;,&quot;size&quot;:&quot;&quot;},&quot;jet_parallax_layout_image_mobile&quot;:{&quot;url&quot;:&quot;&quot;,&quot;id&quot;:&quot;&quot;,&quot;size&quot;:&quot;&quot;},&quot;jet_parallax_layout_speed&quot;:{&quot;unit&quot;:&quot;%&quot;,&quot;size&quot;:50,&quot;sizes&quot;:[]},&quot;jet_parallax_layout_type&quot;:&quot;scroll&quot;,&quot;jet_parallax_layout_direction&quot;:&quot;1&quot;,&quot;jet_parallax_layout_fx_direction&quot;:null,&quot;jet_parallax_layout_z_index&quot;:&quot;&quot;,&quot;jet_parallax_layout_bg_x&quot;:50,&quot;jet_parallax_layout_bg_x_tablet&quot;:&quot;&quot;,&quot;jet_parallax_layout_bg_x_mobile&quot;:&quot;&quot;,&quot;jet_parallax_layout_bg_y&quot;:50,&quot;jet_parallax_layout_bg_y_tablet&quot;:&quot;&quot;,&quot;jet_parallax_layout_bg_y_mobile&quot;:&quot;&quot;,&quot;jet_parallax_layout_bg_size&quot;:&quot;auto&quot;,&quot;jet_parallax_layout_bg_size_tablet&quot;:&quot;&quot;,&quot;jet_parallax_layout_bg_size_mobile&quot;:&quot;&quot;,&quot;jet_parallax_layout_animation_prop&quot;:&quot;transform&quot;,&quot;jet_parallax_layout_on&quot;:[&quot;desktop&quot;,&quot;tablet&quot;]}]}\">\n\t\t\t\t\t\t<div class=\"elementor-container elementor-column-gap-default\">\n\t\t\t\t\t<div class=\"elementor-column elementor-col-100 elementor-top-column elementor-element elementor-element-7a67c19\" data-id=\"7a67c19\" data-element_type=\"column\" data-e-type=\"column\">\n\t\t\t<div class=\"elementor-widget-wrap elementor-element-populated\">\n\t\t\t\t\t\t<div class=\"elementor-element elementor-element-9db3bda elementor-align-center elementor-widget elementor-widget-button\" data-id=\"9db3bda\" data-element_type=\"widget\" data-e-type=\"widget\" data-widget_type=\"button.default\">\n\t\t\t\t<div class=\"elementor-widget-container\">\n\t\t\t\t\t\t\t\t\t<div class=\"elementor-button-wrapper\">\n\t\t\t\t\t<a class=\"elementor-button elementor-button-link elementor-size-sm\" href=\"https:\/\/rezmovits.hu\/en\/contact-us\/\">\n\t\t\t\t\t\t<span class=\"elementor-button-content-wrapper\">\n\t\t\t\t\t\t\t\t\t<span class=\"elementor-button-text\">CONTACT US<\/span>\n\t\t\t\t\t<\/span>\n\t\t\t\t\t<\/a>\n\t\t\t\t<\/div>\n\t\t\t\t\t\t\t\t<\/div>\n\t\t\t\t<\/div>\n\t\t\t\t\t<\/div>\n\t\t<\/div>\n\t\t\t\t\t<\/div>\n\t\t<\/section>\n\t\t\t\t<\/div>\n\t\t","protected":false},"excerpt":{"rendered":"<p>Law of privacy We offer the following services to our clients in the field of data protection: Carrying out a comprehensive data protection audit, revealing omissions and mistakes, consulting with regard to formation of data protection and processing systems, ensuring legality of existing systems, Preparing and commenting on GDPR compatible internal regulations, policies, statements, information &#8230; <a title=\"Law of privacy\" class=\"read-more\" href=\"https:\/\/rezmovits.hu\/en\/law-of-privacy\/\" aria-label=\"Read more about Law of privacy\">Read more<\/a><\/p>\n","protected":false},"author":1,"featured_media":487,"parent":0,"menu_order":0,"comment_status":"closed","ping_status":"closed","template":"elementor_header_footer","meta":{"footnotes":""},"class_list":["post-398","page","type-page","status-publish","has-post-thumbnail"],"yoast_head":"<!-- This site is optimized with the Yoast SEO Premium plugin v26.2 (Yoast SEO v27.4) - https:\/\/yoast.com\/product\/yoast-seo-premium-wordpress\/ -->\n<title>Law of privacy - R\u00e9zmovits &amp; Po\u00f3r \u00dcgyv\u00e9di Iroda<\/title>\n<meta name=\"robots\" content=\"index, follow, max-snippet:-1, max-image-preview:large, max-video-preview:-1\" \/>\n<link rel=\"canonical\" href=\"https:\/\/rezmovits.hu\/en\/law-of-privacy\/\" \/>\n<meta property=\"og:locale\" content=\"en_US\" \/>\n<meta property=\"og:type\" content=\"article\" \/>\n<meta property=\"og:title\" content=\"Law of privacy\" \/>\n<meta property=\"og:description\" content=\"Law of privacy We offer the following services to our clients in the field of data protection: Carrying out a comprehensive data protection audit, revealing omissions and mistakes, consulting with regard to formation of data protection and processing systems, ensuring legality of existing systems, Preparing and commenting on GDPR compatible internal regulations, policies, statements, information ... Read more\" \/>\n<meta property=\"og:url\" content=\"https:\/\/rezmovits.hu\/en\/law-of-privacy\/\" \/>\n<meta property=\"og:site_name\" content=\"R\u00e9zmovits &amp; Po\u00f3r \u00dcgyv\u00e9di Iroda\" \/>\n<meta property=\"article:modified_time\" content=\"2021-10-14T07:49:03+00:00\" \/>\n<meta property=\"og:image\" content=\"https:\/\/rezmovits.hu\/wp-content\/uploads\/2021\/10\/OG-image.jpg\" \/>\n\t<meta property=\"og:image:width\" content=\"1493\" \/>\n\t<meta property=\"og:image:height\" content=\"599\" \/>\n\t<meta property=\"og:image:type\" content=\"image\/jpeg\" \/>\n<meta name=\"twitter:card\" content=\"summary_large_image\" \/>\n<meta name=\"twitter:label1\" content=\"Est. reading time\" \/>\n\t<meta name=\"twitter:data1\" content=\"1 minute\" \/>\n<script type=\"application\/ld+json\" class=\"yoast-schema-graph\">{\"@context\":\"https:\\\/\\\/schema.org\",\"@graph\":[{\"@type\":\"WebPage\",\"@id\":\"https:\\\/\\\/rezmovits.hu\\\/en\\\/law-of-privacy\\\/\",\"url\":\"https:\\\/\\\/rezmovits.hu\\\/en\\\/law-of-privacy\\\/\",\"name\":\"Law of privacy - R\u00e9zmovits &amp; Po\u00f3r \u00dcgyv\u00e9di Iroda\",\"isPartOf\":{\"@id\":\"https:\\\/\\\/rezmovits.hu\\\/#website\"},\"primaryImageOfPage\":{\"@id\":\"https:\\\/\\\/rezmovits.hu\\\/en\\\/law-of-privacy\\\/#primaryimage\"},\"image\":{\"@id\":\"https:\\\/\\\/rezmovits.hu\\\/en\\\/law-of-privacy\\\/#primaryimage\"},\"thumbnailUrl\":\"https:\\\/\\\/rezmovits.hu\\\/wp-content\\\/uploads\\\/2021\\\/10\\\/OG-image.jpg\",\"datePublished\":\"2021-10-11T11:09:37+00:00\",\"dateModified\":\"2021-10-14T07:49:03+00:00\",\"breadcrumb\":{\"@id\":\"https:\\\/\\\/rezmovits.hu\\\/en\\\/law-of-privacy\\\/#breadcrumb\"},\"inLanguage\":\"en-US\",\"potentialAction\":[{\"@type\":\"ReadAction\",\"target\":[\"https:\\\/\\\/rezmovits.hu\\\/en\\\/law-of-privacy\\\/\"]}]},{\"@type\":\"ImageObject\",\"inLanguage\":\"en-US\",\"@id\":\"https:\\\/\\\/rezmovits.hu\\\/en\\\/law-of-privacy\\\/#primaryimage\",\"url\":\"https:\\\/\\\/rezmovits.hu\\\/wp-content\\\/uploads\\\/2021\\\/10\\\/OG-image.jpg\",\"contentUrl\":\"https:\\\/\\\/rezmovits.hu\\\/wp-content\\\/uploads\\\/2021\\\/10\\\/OG-image.jpg\",\"width\":1493,\"height\":599},{\"@type\":\"BreadcrumbList\",\"@id\":\"https:\\\/\\\/rezmovits.hu\\\/en\\\/law-of-privacy\\\/#breadcrumb\",\"itemListElement\":[{\"@type\":\"ListItem\",\"position\":1,\"name\":\"Home\",\"item\":\"https:\\\/\\\/rezmovits.hu\\\/en\\\/\"},{\"@type\":\"ListItem\",\"position\":2,\"name\":\"Law of privacy\"}]},{\"@type\":\"WebSite\",\"@id\":\"https:\\\/\\\/rezmovits.hu\\\/#website\",\"url\":\"https:\\\/\\\/rezmovits.hu\\\/\",\"name\":\"R\u00e9zmovits &amp; Po\u00f3r \u00dcgyv\u00e9di Iroda\",\"description\":\"My WordPress Blog\",\"publisher\":{\"@id\":\"https:\\\/\\\/rezmovits.hu\\\/#organization\"},\"potentialAction\":[{\"@type\":\"SearchAction\",\"target\":{\"@type\":\"EntryPoint\",\"urlTemplate\":\"https:\\\/\\\/rezmovits.hu\\\/?s={search_term_string}\"},\"query-input\":{\"@type\":\"PropertyValueSpecification\",\"valueRequired\":true,\"valueName\":\"search_term_string\"}}],\"inLanguage\":\"en-US\"},{\"@type\":\"Organization\",\"@id\":\"https:\\\/\\\/rezmovits.hu\\\/#organization\",\"name\":\"R\u00e9zmovits & Po\u00f3r \u00dcgyv\u00e9di Iroda\",\"url\":\"https:\\\/\\\/rezmovits.hu\\\/\",\"logo\":{\"@type\":\"ImageObject\",\"inLanguage\":\"en-US\",\"@id\":\"https:\\\/\\\/rezmovits.hu\\\/#\\\/schema\\\/logo\\\/image\\\/\",\"url\":\"https:\\\/\\\/rezmovits.hu\\\/wp-content\\\/uploads\\\/2021\\\/08\\\/rezmovits_logo.png\",\"contentUrl\":\"https:\\\/\\\/rezmovits.hu\\\/wp-content\\\/uploads\\\/2021\\\/08\\\/rezmovits_logo.png\",\"width\":2000,\"height\":504,\"caption\":\"R\u00e9zmovits & Po\u00f3r \u00dcgyv\u00e9di Iroda\"},\"image\":{\"@id\":\"https:\\\/\\\/rezmovits.hu\\\/#\\\/schema\\\/logo\\\/image\\\/\"}}]}<\/script>\n<!-- \/ Yoast SEO Premium plugin. -->","yoast_head_json":{"title":"Law of privacy - R\u00e9zmovits &amp; Po\u00f3r \u00dcgyv\u00e9di Iroda","robots":{"index":"index","follow":"follow","max-snippet":"max-snippet:-1","max-image-preview":"max-image-preview:large","max-video-preview":"max-video-preview:-1"},"canonical":"https:\/\/rezmovits.hu\/en\/law-of-privacy\/","og_locale":"en_US","og_type":"article","og_title":"Law of privacy","og_description":"Law of privacy We offer the following services to our clients in the field of data protection: Carrying out a comprehensive data protection audit, revealing omissions and mistakes, consulting with regard to formation of data protection and processing systems, ensuring legality of existing systems, Preparing and commenting on GDPR compatible internal regulations, policies, statements, information ... Read more","og_url":"https:\/\/rezmovits.hu\/en\/law-of-privacy\/","og_site_name":"R\u00e9zmovits &amp; Po\u00f3r \u00dcgyv\u00e9di Iroda","article_modified_time":"2021-10-14T07:49:03+00:00","og_image":[{"width":1493,"height":599,"url":"https:\/\/rezmovits.hu\/wp-content\/uploads\/2021\/10\/OG-image.jpg","type":"image\/jpeg"}],"twitter_card":"summary_large_image","twitter_misc":{"Est. reading time":"1 minute"},"schema":{"@context":"https:\/\/schema.org","@graph":[{"@type":"WebPage","@id":"https:\/\/rezmovits.hu\/en\/law-of-privacy\/","url":"https:\/\/rezmovits.hu\/en\/law-of-privacy\/","name":"Law of privacy - R\u00e9zmovits &amp; Po\u00f3r \u00dcgyv\u00e9di Iroda","isPartOf":{"@id":"https:\/\/rezmovits.hu\/#website"},"primaryImageOfPage":{"@id":"https:\/\/rezmovits.hu\/en\/law-of-privacy\/#primaryimage"},"image":{"@id":"https:\/\/rezmovits.hu\/en\/law-of-privacy\/#primaryimage"},"thumbnailUrl":"https:\/\/rezmovits.hu\/wp-content\/uploads\/2021\/10\/OG-image.jpg","datePublished":"2021-10-11T11:09:37+00:00","dateModified":"2021-10-14T07:49:03+00:00","breadcrumb":{"@id":"https:\/\/rezmovits.hu\/en\/law-of-privacy\/#breadcrumb"},"inLanguage":"en-US","potentialAction":[{"@type":"ReadAction","target":["https:\/\/rezmovits.hu\/en\/law-of-privacy\/"]}]},{"@type":"ImageObject","inLanguage":"en-US","@id":"https:\/\/rezmovits.hu\/en\/law-of-privacy\/#primaryimage","url":"https:\/\/rezmovits.hu\/wp-content\/uploads\/2021\/10\/OG-image.jpg","contentUrl":"https:\/\/rezmovits.hu\/wp-content\/uploads\/2021\/10\/OG-image.jpg","width":1493,"height":599},{"@type":"BreadcrumbList","@id":"https:\/\/rezmovits.hu\/en\/law-of-privacy\/#breadcrumb","itemListElement":[{"@type":"ListItem","position":1,"name":"Home","item":"https:\/\/rezmovits.hu\/en\/"},{"@type":"ListItem","position":2,"name":"Law of privacy"}]},{"@type":"WebSite","@id":"https:\/\/rezmovits.hu\/#website","url":"https:\/\/rezmovits.hu\/","name":"R\u00e9zmovits &amp; Po\u00f3r \u00dcgyv\u00e9di Iroda","description":"My WordPress Blog","publisher":{"@id":"https:\/\/rezmovits.hu\/#organization"},"potentialAction":[{"@type":"SearchAction","target":{"@type":"EntryPoint","urlTemplate":"https:\/\/rezmovits.hu\/?s={search_term_string}"},"query-input":{"@type":"PropertyValueSpecification","valueRequired":true,"valueName":"search_term_string"}}],"inLanguage":"en-US"},{"@type":"Organization","@id":"https:\/\/rezmovits.hu\/#organization","name":"R\u00e9zmovits & Po\u00f3r \u00dcgyv\u00e9di Iroda","url":"https:\/\/rezmovits.hu\/","logo":{"@type":"ImageObject","inLanguage":"en-US","@id":"https:\/\/rezmovits.hu\/#\/schema\/logo\/image\/","url":"https:\/\/rezmovits.hu\/wp-content\/uploads\/2021\/08\/rezmovits_logo.png","contentUrl":"https:\/\/rezmovits.hu\/wp-content\/uploads\/2021\/08\/rezmovits_logo.png","width":2000,"height":504,"caption":"R\u00e9zmovits & Po\u00f3r \u00dcgyv\u00e9di Iroda"},"image":{"@id":"https:\/\/rezmovits.hu\/#\/schema\/logo\/image\/"}}]}},"_links":{"self":[{"href":"https:\/\/rezmovits.hu\/en\/wp-json\/wp\/v2\/pages\/398","targetHints":{"allow":["GET"]}}],"collection":[{"href":"https:\/\/rezmovits.hu\/en\/wp-json\/wp\/v2\/pages"}],"about":[{"href":"https:\/\/rezmovits.hu\/en\/wp-json\/wp\/v2\/types\/page"}],"author":[{"embeddable":true,"href":"https:\/\/rezmovits.hu\/en\/wp-json\/wp\/v2\/users\/1"}],"replies":[{"embeddable":true,"href":"https:\/\/rezmovits.hu\/en\/wp-json\/wp\/v2\/comments?post=398"}],"version-history":[{"count":6,"href":"https:\/\/rezmovits.hu\/en\/wp-json\/wp\/v2\/pages\/398\/revisions"}],"predecessor-version":[{"id":559,"href":"https:\/\/rezmovits.hu\/en\/wp-json\/wp\/v2\/pages\/398\/revisions\/559"}],"wp:featuredmedia":[{"embeddable":true,"href":"https:\/\/rezmovits.hu\/en\/wp-json\/wp\/v2\/media\/487"}],"wp:attachment":[{"href":"https:\/\/rezmovits.hu\/en\/wp-json\/wp\/v2\/media?parent=398"}],"curies":[{"name":"wp","href":"https:\/\/api.w.org\/{rel}","templated":true}]}}