{"id":441,"date":"2021-10-11T13:00:05","date_gmt":"2021-10-11T13:00:05","guid":{"rendered":"https:\/\/rezmovits.hu\/company-law\/"},"modified":"2021-10-14T07:46:31","modified_gmt":"2021-10-14T07:46:31","slug":"company-law","status":"publish","type":"page","link":"https:\/\/rezmovits.hu\/en\/company-law\/","title":{"rendered":"Company law"},"content":{"rendered":"\t\t<div data-elementor-type=\"wp-page\" data-elementor-id=\"441\" class=\"elementor elementor-441 elementor-25\" data-elementor-post-type=\"page\">\n\t\t\t\t\t\t<section class=\"elementor-section elementor-top-section elementor-element elementor-element-5be1d40 elementor-section-height-min-height elementor-section-boxed elementor-section-height-default elementor-section-items-middle\" data-id=\"5be1d40\" data-element_type=\"section\" data-e-type=\"section\" data-settings=\"{&quot;jet_parallax_layout_list&quot;:[{&quot;jet_parallax_layout_image&quot;:{&quot;url&quot;:&quot;&quot;,&quot;id&quot;:&quot;&quot;,&quot;size&quot;:&quot;&quot;},&quot;_id&quot;:&quot;8b113b0&quot;,&quot;jet_parallax_layout_image_tablet&quot;:{&quot;url&quot;:&quot;&quot;,&quot;id&quot;:&quot;&quot;,&quot;size&quot;:&quot;&quot;},&quot;jet_parallax_layout_image_mobile&quot;:{&quot;url&quot;:&quot;&quot;,&quot;id&quot;:&quot;&quot;,&quot;size&quot;:&quot;&quot;},&quot;jet_parallax_layout_speed&quot;:{&quot;unit&quot;:&quot;%&quot;,&quot;size&quot;:50,&quot;sizes&quot;:[]},&quot;jet_parallax_layout_type&quot;:&quot;scroll&quot;,&quot;jet_parallax_layout_direction&quot;:&quot;1&quot;,&quot;jet_parallax_layout_fx_direction&quot;:null,&quot;jet_parallax_layout_z_index&quot;:&quot;&quot;,&quot;jet_parallax_layout_bg_x&quot;:50,&quot;jet_parallax_layout_bg_x_tablet&quot;:&quot;&quot;,&quot;jet_parallax_layout_bg_x_mobile&quot;:&quot;&quot;,&quot;jet_parallax_layout_bg_y&quot;:50,&quot;jet_parallax_layout_bg_y_tablet&quot;:&quot;&quot;,&quot;jet_parallax_layout_bg_y_mobile&quot;:&quot;&quot;,&quot;jet_parallax_layout_bg_size&quot;:&quot;auto&quot;,&quot;jet_parallax_layout_bg_size_tablet&quot;:&quot;&quot;,&quot;jet_parallax_layout_bg_size_mobile&quot;:&quot;&quot;,&quot;jet_parallax_layout_animation_prop&quot;:&quot;transform&quot;,&quot;jet_parallax_layout_on&quot;:[&quot;desktop&quot;,&quot;tablet&quot;]}],&quot;background_background&quot;:&quot;classic&quot;}\">\n\t\t\t\t\t\t\t<div class=\"elementor-background-overlay\"><\/div>\n\t\t\t\t\t\t\t<div class=\"elementor-container elementor-column-gap-default\">\n\t\t\t\t\t<div class=\"elementor-column elementor-col-100 elementor-top-column elementor-element elementor-element-39421fe\" data-id=\"39421fe\" data-element_type=\"column\" data-e-type=\"column\">\n\t\t\t<div class=\"elementor-widget-wrap elementor-element-populated\">\n\t\t\t\t\t\t<div class=\"elementor-element elementor-element-1a792cf elementor-widget elementor-widget-heading\" data-id=\"1a792cf\" data-element_type=\"widget\" data-e-type=\"widget\" data-widget_type=\"heading.default\">\n\t\t\t\t<div class=\"elementor-widget-container\">\n\t\t\t\t\t<h1 class=\"elementor-heading-title elementor-size-default\">Company law<\/h1>\t\t\t\t<\/div>\n\t\t\t\t<\/div>\n\t\t\t\t\t<\/div>\n\t\t<\/div>\n\t\t\t\t\t<\/div>\n\t\t<\/section>\n\t\t\t\t<section class=\"elementor-section elementor-top-section elementor-element elementor-element-230e8d5 elementor-section-boxed elementor-section-height-default elementor-section-height-default\" data-id=\"230e8d5\" data-element_type=\"section\" data-e-type=\"section\" data-settings=\"{&quot;jet_parallax_layout_list&quot;:[{&quot;jet_parallax_layout_image&quot;:{&quot;url&quot;:&quot;&quot;,&quot;id&quot;:&quot;&quot;,&quot;size&quot;:&quot;&quot;},&quot;_id&quot;:&quot;32b3f39&quot;,&quot;jet_parallax_layout_image_tablet&quot;:{&quot;url&quot;:&quot;&quot;,&quot;id&quot;:&quot;&quot;,&quot;size&quot;:&quot;&quot;},&quot;jet_parallax_layout_image_mobile&quot;:{&quot;url&quot;:&quot;&quot;,&quot;id&quot;:&quot;&quot;,&quot;size&quot;:&quot;&quot;},&quot;jet_parallax_layout_speed&quot;:{&quot;unit&quot;:&quot;%&quot;,&quot;size&quot;:50,&quot;sizes&quot;:[]},&quot;jet_parallax_layout_type&quot;:&quot;scroll&quot;,&quot;jet_parallax_layout_direction&quot;:&quot;1&quot;,&quot;jet_parallax_layout_fx_direction&quot;:null,&quot;jet_parallax_layout_z_index&quot;:&quot;&quot;,&quot;jet_parallax_layout_bg_x&quot;:50,&quot;jet_parallax_layout_bg_x_tablet&quot;:&quot;&quot;,&quot;jet_parallax_layout_bg_x_mobile&quot;:&quot;&quot;,&quot;jet_parallax_layout_bg_y&quot;:50,&quot;jet_parallax_layout_bg_y_tablet&quot;:&quot;&quot;,&quot;jet_parallax_layout_bg_y_mobile&quot;:&quot;&quot;,&quot;jet_parallax_layout_bg_size&quot;:&quot;auto&quot;,&quot;jet_parallax_layout_bg_size_tablet&quot;:&quot;&quot;,&quot;jet_parallax_layout_bg_size_mobile&quot;:&quot;&quot;,&quot;jet_parallax_layout_animation_prop&quot;:&quot;transform&quot;,&quot;jet_parallax_layout_on&quot;:[&quot;desktop&quot;,&quot;tablet&quot;]}]}\">\n\t\t\t\t\t\t<div class=\"elementor-container elementor-column-gap-default\">\n\t\t\t\t\t<div class=\"elementor-column elementor-col-100 elementor-top-column elementor-element elementor-element-ad92bb1\" data-id=\"ad92bb1\" data-element_type=\"column\" data-e-type=\"column\">\n\t\t\t<div class=\"elementor-widget-wrap elementor-element-populated\">\n\t\t\t\t\t\t<div class=\"elementor-element elementor-element-6df1efc elementor-widget elementor-widget-text-editor\" data-id=\"6df1efc\" data-element_type=\"widget\" data-e-type=\"widget\" data-widget_type=\"text-editor.default\">\n\t\t\t\t<div class=\"elementor-widget-container\">\n\t\t\t\t\t\t\t\t\t<p>In the field of company law, our Law Office participated in certain cases of significance which are the following:<\/p>\n\t\t\t\t\t\t\t\t<\/div>\n\t\t\t\t<\/div>\n\t\t\t\t<div class=\"elementor-element elementor-element-f4edce6 elementor-icon-list--layout-traditional elementor-list-item-link-full_width elementor-widget elementor-widget-icon-list\" data-id=\"f4edce6\" data-element_type=\"widget\" data-e-type=\"widget\" data-widget_type=\"icon-list.default\">\n\t\t\t\t<div class=\"elementor-widget-container\">\n\t\t\t\t\t\t\t<ul class=\"elementor-icon-list-items\">\n\t\t\t\t\t\t\t<li class=\"elementor-icon-list-item\">\n\t\t\t\t\t\t\t\t\t\t\t<span class=\"elementor-icon-list-icon\">\n\t\t\t\t\t\t\t<i aria-hidden=\"true\" class=\"fas fa-check\"><\/i>\t\t\t\t\t\t<\/span>\n\t\t\t\t\t\t\t\t\t\t<span class=\"elementor-icon-list-text\">Formation of a real estate holding in the form of a public limited company, designing the holding structure;<\/span>\n\t\t\t\t\t\t\t\t\t<\/li>\n\t\t\t\t\t\t\t\t<li class=\"elementor-icon-list-item\">\n\t\t\t\t\t\t\t\t\t\t\t<span class=\"elementor-icon-list-icon\">\n\t\t\t\t\t\t\t<i aria-hidden=\"true\" class=\"fas fa-check\"><\/i>\t\t\t\t\t\t<\/span>\n\t\t\t\t\t\t\t\t\t\t<span class=\"elementor-icon-list-text\">Acquisition of stakes by financial and strategic investors and an institutional capital investor by means of increase of capital, establishing a company with the acquisition of a stake by a venture capital investor, preparation of the entire contract documentation;<\/span>\n\t\t\t\t\t\t\t\t\t<\/li>\n\t\t\t\t\t\t\t\t<li class=\"elementor-icon-list-item\">\n\t\t\t\t\t\t\t\t\t\t\t<span class=\"elementor-icon-list-icon\">\n\t\t\t\t\t\t\t<i aria-hidden=\"true\" class=\"fas fa-check\"><\/i>\t\t\t\t\t\t<\/span>\n\t\t\t\t\t\t\t\t\t\t<span class=\"elementor-icon-list-text\">Submitting a company operating as a service agent\/post box service provider for registration, preparation of the required legal documentation;<\/span>\n\t\t\t\t\t\t\t\t\t<\/li>\n\t\t\t\t\t\t\t\t<li class=\"elementor-icon-list-item\">\n\t\t\t\t\t\t\t\t\t\t\t<span class=\"elementor-icon-list-icon\">\n\t\t\t\t\t\t\t<i aria-hidden=\"true\" class=\"fas fa-check\"><\/i>\t\t\t\t\t\t<\/span>\n\t\t\t\t\t\t\t\t\t\t<span class=\"elementor-icon-list-text\">Formation of companies and continuous maintenance of corporate documents for several clients.<\/span>\n\t\t\t\t\t\t\t\t\t<\/li>\n\t\t\t\t\t\t<\/ul>\n\t\t\t\t\t\t<\/div>\n\t\t\t\t<\/div>\n\t\t\t\t\t<\/div>\n\t\t<\/div>\n\t\t\t\t\t<\/div>\n\t\t<\/section>\n\t\t\t\t<section class=\"elementor-section elementor-top-section elementor-element elementor-element-1a64508 elementor-section-boxed elementor-section-height-default elementor-section-height-default\" data-id=\"1a64508\" data-element_type=\"section\" data-e-type=\"section\" data-settings=\"{&quot;jet_parallax_layout_list&quot;:[{&quot;jet_parallax_layout_image&quot;:{&quot;url&quot;:&quot;&quot;,&quot;id&quot;:&quot;&quot;,&quot;size&quot;:&quot;&quot;},&quot;_id&quot;:&quot;29390cf&quot;,&quot;jet_parallax_layout_image_tablet&quot;:{&quot;url&quot;:&quot;&quot;,&quot;id&quot;:&quot;&quot;,&quot;size&quot;:&quot;&quot;},&quot;jet_parallax_layout_image_mobile&quot;:{&quot;url&quot;:&quot;&quot;,&quot;id&quot;:&quot;&quot;,&quot;size&quot;:&quot;&quot;},&quot;jet_parallax_layout_speed&quot;:{&quot;unit&quot;:&quot;%&quot;,&quot;size&quot;:50,&quot;sizes&quot;:[]},&quot;jet_parallax_layout_type&quot;:&quot;scroll&quot;,&quot;jet_parallax_layout_direction&quot;:&quot;1&quot;,&quot;jet_parallax_layout_fx_direction&quot;:null,&quot;jet_parallax_layout_z_index&quot;:&quot;&quot;,&quot;jet_parallax_layout_bg_x&quot;:50,&quot;jet_parallax_layout_bg_x_tablet&quot;:&quot;&quot;,&quot;jet_parallax_layout_bg_x_mobile&quot;:&quot;&quot;,&quot;jet_parallax_layout_bg_y&quot;:50,&quot;jet_parallax_layout_bg_y_tablet&quot;:&quot;&quot;,&quot;jet_parallax_layout_bg_y_mobile&quot;:&quot;&quot;,&quot;jet_parallax_layout_bg_size&quot;:&quot;auto&quot;,&quot;jet_parallax_layout_bg_size_tablet&quot;:&quot;&quot;,&quot;jet_parallax_layout_bg_size_mobile&quot;:&quot;&quot;,&quot;jet_parallax_layout_animation_prop&quot;:&quot;transform&quot;,&quot;jet_parallax_layout_on&quot;:[&quot;desktop&quot;,&quot;tablet&quot;]}]}\">\n\t\t\t\t\t\t<div class=\"elementor-container elementor-column-gap-default\">\n\t\t\t\t\t<div class=\"elementor-column elementor-col-100 elementor-top-column elementor-element elementor-element-f348414\" data-id=\"f348414\" data-element_type=\"column\" data-e-type=\"column\">\n\t\t\t<div class=\"elementor-widget-wrap elementor-element-populated\">\n\t\t\t\t\t\t<div class=\"elementor-element elementor-element-a9781a8 elementor-align-center elementor-widget elementor-widget-button\" data-id=\"a9781a8\" data-element_type=\"widget\" data-e-type=\"widget\" data-widget_type=\"button.default\">\n\t\t\t\t<div class=\"elementor-widget-container\">\n\t\t\t\t\t\t\t\t\t<div class=\"elementor-button-wrapper\">\n\t\t\t\t\t<a class=\"elementor-button elementor-button-link elementor-size-sm\" href=\"https:\/\/rezmovits.hu\/en\/contact-us\/\">\n\t\t\t\t\t\t<span class=\"elementor-button-content-wrapper\">\n\t\t\t\t\t\t\t\t\t<span class=\"elementor-button-text\">CONTACT US<\/span>\n\t\t\t\t\t<\/span>\n\t\t\t\t\t<\/a>\n\t\t\t\t<\/div>\n\t\t\t\t\t\t\t\t<\/div>\n\t\t\t\t<\/div>\n\t\t\t\t\t<\/div>\n\t\t<\/div>\n\t\t\t\t\t<\/div>\n\t\t<\/section>\n\t\t\t\t<\/div>\n\t\t","protected":false},"excerpt":{"rendered":"<p>Company law In the field of company law, our Law Office participated in certain cases of significance which are the following: Formation of a real estate holding in the form of a public limited company, designing the holding structure; Acquisition of stakes by financial and strategic investors and an institutional capital investor by means of &#8230; <a title=\"Company law\" class=\"read-more\" href=\"https:\/\/rezmovits.hu\/en\/company-law\/\" aria-label=\"Read more about Company law\">Read more<\/a><\/p>\n","protected":false},"author":1,"featured_media":487,"parent":0,"menu_order":0,"comment_status":"closed","ping_status":"closed","template":"elementor_header_footer","meta":{"footnotes":""},"class_list":["post-441","page","type-page","status-publish","has-post-thumbnail"],"yoast_head":"<!-- This site is optimized with the Yoast SEO Premium plugin v26.2 (Yoast SEO v27.4) - https:\/\/yoast.com\/product\/yoast-seo-premium-wordpress\/ -->\n<title>Company law - R\u00e9zmovits &amp; Po\u00f3r \u00dcgyv\u00e9di Iroda<\/title>\n<meta name=\"robots\" content=\"index, follow, max-snippet:-1, max-image-preview:large, max-video-preview:-1\" \/>\n<link rel=\"canonical\" href=\"https:\/\/rezmovits.hu\/en\/company-law\/\" \/>\n<meta property=\"og:locale\" content=\"en_US\" \/>\n<meta property=\"og:type\" content=\"article\" \/>\n<meta property=\"og:title\" content=\"Company law\" \/>\n<meta property=\"og:description\" content=\"Company law In the field of company law, our Law Office participated in certain cases of significance which are the following: Formation of a real estate holding in the form of a public limited company, designing the holding structure; Acquisition of stakes by financial and strategic investors and an institutional capital investor by means of ... Read more\" \/>\n<meta property=\"og:url\" content=\"https:\/\/rezmovits.hu\/en\/company-law\/\" \/>\n<meta property=\"og:site_name\" content=\"R\u00e9zmovits &amp; Po\u00f3r \u00dcgyv\u00e9di Iroda\" \/>\n<meta property=\"article:modified_time\" content=\"2021-10-14T07:46:31+00:00\" \/>\n<meta property=\"og:image\" content=\"https:\/\/rezmovits.hu\/wp-content\/uploads\/2021\/10\/OG-image.jpg\" \/>\n\t<meta property=\"og:image:width\" content=\"1493\" \/>\n\t<meta property=\"og:image:height\" content=\"599\" \/>\n\t<meta property=\"og:image:type\" content=\"image\/jpeg\" \/>\n<meta name=\"twitter:card\" content=\"summary_large_image\" \/>\n<meta name=\"twitter:label1\" content=\"Est. reading time\" \/>\n\t<meta name=\"twitter:data1\" content=\"1 minute\" \/>\n<script type=\"application\/ld+json\" class=\"yoast-schema-graph\">{\"@context\":\"https:\\\/\\\/schema.org\",\"@graph\":[{\"@type\":\"WebPage\",\"@id\":\"https:\\\/\\\/rezmovits.hu\\\/en\\\/company-law\\\/\",\"url\":\"https:\\\/\\\/rezmovits.hu\\\/en\\\/company-law\\\/\",\"name\":\"Company law - R\u00e9zmovits &amp; Po\u00f3r \u00dcgyv\u00e9di Iroda\",\"isPartOf\":{\"@id\":\"https:\\\/\\\/rezmovits.hu\\\/#website\"},\"primaryImageOfPage\":{\"@id\":\"https:\\\/\\\/rezmovits.hu\\\/en\\\/company-law\\\/#primaryimage\"},\"image\":{\"@id\":\"https:\\\/\\\/rezmovits.hu\\\/en\\\/company-law\\\/#primaryimage\"},\"thumbnailUrl\":\"https:\\\/\\\/rezmovits.hu\\\/wp-content\\\/uploads\\\/2021\\\/10\\\/OG-image.jpg\",\"datePublished\":\"2021-10-11T13:00:05+00:00\",\"dateModified\":\"2021-10-14T07:46:31+00:00\",\"breadcrumb\":{\"@id\":\"https:\\\/\\\/rezmovits.hu\\\/en\\\/company-law\\\/#breadcrumb\"},\"inLanguage\":\"en-US\",\"potentialAction\":[{\"@type\":\"ReadAction\",\"target\":[\"https:\\\/\\\/rezmovits.hu\\\/en\\\/company-law\\\/\"]}]},{\"@type\":\"ImageObject\",\"inLanguage\":\"en-US\",\"@id\":\"https:\\\/\\\/rezmovits.hu\\\/en\\\/company-law\\\/#primaryimage\",\"url\":\"https:\\\/\\\/rezmovits.hu\\\/wp-content\\\/uploads\\\/2021\\\/10\\\/OG-image.jpg\",\"contentUrl\":\"https:\\\/\\\/rezmovits.hu\\\/wp-content\\\/uploads\\\/2021\\\/10\\\/OG-image.jpg\",\"width\":1493,\"height\":599},{\"@type\":\"BreadcrumbList\",\"@id\":\"https:\\\/\\\/rezmovits.hu\\\/en\\\/company-law\\\/#breadcrumb\",\"itemListElement\":[{\"@type\":\"ListItem\",\"position\":1,\"name\":\"Home\",\"item\":\"https:\\\/\\\/rezmovits.hu\\\/en\\\/\"},{\"@type\":\"ListItem\",\"position\":2,\"name\":\"Company law\"}]},{\"@type\":\"WebSite\",\"@id\":\"https:\\\/\\\/rezmovits.hu\\\/#website\",\"url\":\"https:\\\/\\\/rezmovits.hu\\\/\",\"name\":\"R\u00e9zmovits &amp; Po\u00f3r \u00dcgyv\u00e9di Iroda\",\"description\":\"My WordPress Blog\",\"publisher\":{\"@id\":\"https:\\\/\\\/rezmovits.hu\\\/#organization\"},\"potentialAction\":[{\"@type\":\"SearchAction\",\"target\":{\"@type\":\"EntryPoint\",\"urlTemplate\":\"https:\\\/\\\/rezmovits.hu\\\/?s={search_term_string}\"},\"query-input\":{\"@type\":\"PropertyValueSpecification\",\"valueRequired\":true,\"valueName\":\"search_term_string\"}}],\"inLanguage\":\"en-US\"},{\"@type\":\"Organization\",\"@id\":\"https:\\\/\\\/rezmovits.hu\\\/#organization\",\"name\":\"R\u00e9zmovits & Po\u00f3r \u00dcgyv\u00e9di Iroda\",\"url\":\"https:\\\/\\\/rezmovits.hu\\\/\",\"logo\":{\"@type\":\"ImageObject\",\"inLanguage\":\"en-US\",\"@id\":\"https:\\\/\\\/rezmovits.hu\\\/#\\\/schema\\\/logo\\\/image\\\/\",\"url\":\"https:\\\/\\\/rezmovits.hu\\\/wp-content\\\/uploads\\\/2021\\\/08\\\/rezmovits_logo.png\",\"contentUrl\":\"https:\\\/\\\/rezmovits.hu\\\/wp-content\\\/uploads\\\/2021\\\/08\\\/rezmovits_logo.png\",\"width\":2000,\"height\":504,\"caption\":\"R\u00e9zmovits & Po\u00f3r \u00dcgyv\u00e9di Iroda\"},\"image\":{\"@id\":\"https:\\\/\\\/rezmovits.hu\\\/#\\\/schema\\\/logo\\\/image\\\/\"}}]}<\/script>\n<!-- \/ Yoast SEO Premium plugin. -->","yoast_head_json":{"title":"Company law - R\u00e9zmovits &amp; Po\u00f3r \u00dcgyv\u00e9di Iroda","robots":{"index":"index","follow":"follow","max-snippet":"max-snippet:-1","max-image-preview":"max-image-preview:large","max-video-preview":"max-video-preview:-1"},"canonical":"https:\/\/rezmovits.hu\/en\/company-law\/","og_locale":"en_US","og_type":"article","og_title":"Company law","og_description":"Company law In the field of company law, our Law Office participated in certain cases of significance which are the following: Formation of a real estate holding in the form of a public limited company, designing the holding structure; Acquisition of stakes by financial and strategic investors and an institutional capital investor by means of ... Read more","og_url":"https:\/\/rezmovits.hu\/en\/company-law\/","og_site_name":"R\u00e9zmovits &amp; Po\u00f3r \u00dcgyv\u00e9di Iroda","article_modified_time":"2021-10-14T07:46:31+00:00","og_image":[{"width":1493,"height":599,"url":"https:\/\/rezmovits.hu\/wp-content\/uploads\/2021\/10\/OG-image.jpg","type":"image\/jpeg"}],"twitter_card":"summary_large_image","twitter_misc":{"Est. reading time":"1 minute"},"schema":{"@context":"https:\/\/schema.org","@graph":[{"@type":"WebPage","@id":"https:\/\/rezmovits.hu\/en\/company-law\/","url":"https:\/\/rezmovits.hu\/en\/company-law\/","name":"Company law - R\u00e9zmovits &amp; Po\u00f3r \u00dcgyv\u00e9di Iroda","isPartOf":{"@id":"https:\/\/rezmovits.hu\/#website"},"primaryImageOfPage":{"@id":"https:\/\/rezmovits.hu\/en\/company-law\/#primaryimage"},"image":{"@id":"https:\/\/rezmovits.hu\/en\/company-law\/#primaryimage"},"thumbnailUrl":"https:\/\/rezmovits.hu\/wp-content\/uploads\/2021\/10\/OG-image.jpg","datePublished":"2021-10-11T13:00:05+00:00","dateModified":"2021-10-14T07:46:31+00:00","breadcrumb":{"@id":"https:\/\/rezmovits.hu\/en\/company-law\/#breadcrumb"},"inLanguage":"en-US","potentialAction":[{"@type":"ReadAction","target":["https:\/\/rezmovits.hu\/en\/company-law\/"]}]},{"@type":"ImageObject","inLanguage":"en-US","@id":"https:\/\/rezmovits.hu\/en\/company-law\/#primaryimage","url":"https:\/\/rezmovits.hu\/wp-content\/uploads\/2021\/10\/OG-image.jpg","contentUrl":"https:\/\/rezmovits.hu\/wp-content\/uploads\/2021\/10\/OG-image.jpg","width":1493,"height":599},{"@type":"BreadcrumbList","@id":"https:\/\/rezmovits.hu\/en\/company-law\/#breadcrumb","itemListElement":[{"@type":"ListItem","position":1,"name":"Home","item":"https:\/\/rezmovits.hu\/en\/"},{"@type":"ListItem","position":2,"name":"Company law"}]},{"@type":"WebSite","@id":"https:\/\/rezmovits.hu\/#website","url":"https:\/\/rezmovits.hu\/","name":"R\u00e9zmovits &amp; Po\u00f3r \u00dcgyv\u00e9di Iroda","description":"My WordPress Blog","publisher":{"@id":"https:\/\/rezmovits.hu\/#organization"},"potentialAction":[{"@type":"SearchAction","target":{"@type":"EntryPoint","urlTemplate":"https:\/\/rezmovits.hu\/?s={search_term_string}"},"query-input":{"@type":"PropertyValueSpecification","valueRequired":true,"valueName":"search_term_string"}}],"inLanguage":"en-US"},{"@type":"Organization","@id":"https:\/\/rezmovits.hu\/#organization","name":"R\u00e9zmovits & Po\u00f3r \u00dcgyv\u00e9di Iroda","url":"https:\/\/rezmovits.hu\/","logo":{"@type":"ImageObject","inLanguage":"en-US","@id":"https:\/\/rezmovits.hu\/#\/schema\/logo\/image\/","url":"https:\/\/rezmovits.hu\/wp-content\/uploads\/2021\/08\/rezmovits_logo.png","contentUrl":"https:\/\/rezmovits.hu\/wp-content\/uploads\/2021\/08\/rezmovits_logo.png","width":2000,"height":504,"caption":"R\u00e9zmovits & Po\u00f3r \u00dcgyv\u00e9di Iroda"},"image":{"@id":"https:\/\/rezmovits.hu\/#\/schema\/logo\/image\/"}}]}},"_links":{"self":[{"href":"https:\/\/rezmovits.hu\/en\/wp-json\/wp\/v2\/pages\/441","targetHints":{"allow":["GET"]}}],"collection":[{"href":"https:\/\/rezmovits.hu\/en\/wp-json\/wp\/v2\/pages"}],"about":[{"href":"https:\/\/rezmovits.hu\/en\/wp-json\/wp\/v2\/types\/page"}],"author":[{"embeddable":true,"href":"https:\/\/rezmovits.hu\/en\/wp-json\/wp\/v2\/users\/1"}],"replies":[{"embeddable":true,"href":"https:\/\/rezmovits.hu\/en\/wp-json\/wp\/v2\/comments?post=441"}],"version-history":[{"count":5,"href":"https:\/\/rezmovits.hu\/en\/wp-json\/wp\/v2\/pages\/441\/revisions"}],"predecessor-version":[{"id":547,"href":"https:\/\/rezmovits.hu\/en\/wp-json\/wp\/v2\/pages\/441\/revisions\/547"}],"wp:featuredmedia":[{"embeddable":true,"href":"https:\/\/rezmovits.hu\/en\/wp-json\/wp\/v2\/media\/487"}],"wp:attachment":[{"href":"https:\/\/rezmovits.hu\/en\/wp-json\/wp\/v2\/media?parent=441"}],"curies":[{"name":"wp","href":"https:\/\/api.w.org\/{rel}","templated":true}]}}