{"id":462,"date":"2021-10-11T13:07:44","date_gmt":"2021-10-11T13:07:44","guid":{"rendered":"https:\/\/rezmovits.hu\/representing-condominiums-debt-collection\/"},"modified":"2021-10-14T07:47:53","modified_gmt":"2021-10-14T07:47:53","slug":"representing-condominiums-debt-collection","status":"publish","type":"page","link":"https:\/\/rezmovits.hu\/en\/representing-condominiums-debt-collection\/","title":{"rendered":"Representing condominiums, debt collection"},"content":{"rendered":"\t\t<div data-elementor-type=\"wp-page\" data-elementor-id=\"462\" class=\"elementor elementor-462 elementor-29\" data-elementor-post-type=\"page\">\n\t\t\t\t\t\t<section class=\"elementor-section elementor-top-section elementor-element elementor-element-677b831 elementor-section-height-min-height elementor-section-boxed elementor-section-height-default elementor-section-items-middle\" data-id=\"677b831\" data-element_type=\"section\" data-e-type=\"section\" data-settings=\"{&quot;jet_parallax_layout_list&quot;:[{&quot;jet_parallax_layout_image&quot;:{&quot;url&quot;:&quot;&quot;,&quot;id&quot;:&quot;&quot;,&quot;size&quot;:&quot;&quot;},&quot;_id&quot;:&quot;8b113b0&quot;,&quot;jet_parallax_layout_image_tablet&quot;:{&quot;url&quot;:&quot;&quot;,&quot;id&quot;:&quot;&quot;,&quot;size&quot;:&quot;&quot;},&quot;jet_parallax_layout_image_mobile&quot;:{&quot;url&quot;:&quot;&quot;,&quot;id&quot;:&quot;&quot;,&quot;size&quot;:&quot;&quot;},&quot;jet_parallax_layout_speed&quot;:{&quot;unit&quot;:&quot;%&quot;,&quot;size&quot;:50,&quot;sizes&quot;:[]},&quot;jet_parallax_layout_type&quot;:&quot;scroll&quot;,&quot;jet_parallax_layout_direction&quot;:&quot;1&quot;,&quot;jet_parallax_layout_fx_direction&quot;:null,&quot;jet_parallax_layout_z_index&quot;:&quot;&quot;,&quot;jet_parallax_layout_bg_x&quot;:50,&quot;jet_parallax_layout_bg_x_tablet&quot;:&quot;&quot;,&quot;jet_parallax_layout_bg_x_mobile&quot;:&quot;&quot;,&quot;jet_parallax_layout_bg_y&quot;:50,&quot;jet_parallax_layout_bg_y_tablet&quot;:&quot;&quot;,&quot;jet_parallax_layout_bg_y_mobile&quot;:&quot;&quot;,&quot;jet_parallax_layout_bg_size&quot;:&quot;auto&quot;,&quot;jet_parallax_layout_bg_size_tablet&quot;:&quot;&quot;,&quot;jet_parallax_layout_bg_size_mobile&quot;:&quot;&quot;,&quot;jet_parallax_layout_animation_prop&quot;:&quot;transform&quot;,&quot;jet_parallax_layout_on&quot;:[&quot;desktop&quot;,&quot;tablet&quot;]}],&quot;background_background&quot;:&quot;classic&quot;}\">\n\t\t\t\t\t\t\t<div class=\"elementor-background-overlay\"><\/div>\n\t\t\t\t\t\t\t<div class=\"elementor-container elementor-column-gap-default\">\n\t\t\t\t\t<div class=\"elementor-column elementor-col-100 elementor-top-column elementor-element elementor-element-795ea33\" data-id=\"795ea33\" data-element_type=\"column\" data-e-type=\"column\">\n\t\t\t<div class=\"elementor-widget-wrap elementor-element-populated\">\n\t\t\t\t\t\t<div class=\"elementor-element elementor-element-103fc41 elementor-widget elementor-widget-heading\" data-id=\"103fc41\" data-element_type=\"widget\" data-e-type=\"widget\" data-widget_type=\"heading.default\">\n\t\t\t\t<div class=\"elementor-widget-container\">\n\t\t\t\t\t<h1 class=\"elementor-heading-title elementor-size-default\">Representing condominiums, debt collection<\/h1>\t\t\t\t<\/div>\n\t\t\t\t<\/div>\n\t\t\t\t\t<\/div>\n\t\t<\/div>\n\t\t\t\t\t<\/div>\n\t\t<\/section>\n\t\t\t\t<section class=\"elementor-section elementor-top-section elementor-element elementor-element-8edd29e elementor-section-boxed elementor-section-height-default elementor-section-height-default\" data-id=\"8edd29e\" data-element_type=\"section\" data-e-type=\"section\" data-settings=\"{&quot;jet_parallax_layout_list&quot;:[{&quot;jet_parallax_layout_image&quot;:{&quot;url&quot;:&quot;&quot;,&quot;id&quot;:&quot;&quot;,&quot;size&quot;:&quot;&quot;},&quot;_id&quot;:&quot;32b3f39&quot;,&quot;jet_parallax_layout_image_tablet&quot;:{&quot;url&quot;:&quot;&quot;,&quot;id&quot;:&quot;&quot;,&quot;size&quot;:&quot;&quot;},&quot;jet_parallax_layout_image_mobile&quot;:{&quot;url&quot;:&quot;&quot;,&quot;id&quot;:&quot;&quot;,&quot;size&quot;:&quot;&quot;},&quot;jet_parallax_layout_speed&quot;:{&quot;unit&quot;:&quot;%&quot;,&quot;size&quot;:50,&quot;sizes&quot;:[]},&quot;jet_parallax_layout_type&quot;:&quot;scroll&quot;,&quot;jet_parallax_layout_direction&quot;:&quot;1&quot;,&quot;jet_parallax_layout_fx_direction&quot;:null,&quot;jet_parallax_layout_z_index&quot;:&quot;&quot;,&quot;jet_parallax_layout_bg_x&quot;:50,&quot;jet_parallax_layout_bg_x_tablet&quot;:&quot;&quot;,&quot;jet_parallax_layout_bg_x_mobile&quot;:&quot;&quot;,&quot;jet_parallax_layout_bg_y&quot;:50,&quot;jet_parallax_layout_bg_y_tablet&quot;:&quot;&quot;,&quot;jet_parallax_layout_bg_y_mobile&quot;:&quot;&quot;,&quot;jet_parallax_layout_bg_size&quot;:&quot;auto&quot;,&quot;jet_parallax_layout_bg_size_tablet&quot;:&quot;&quot;,&quot;jet_parallax_layout_bg_size_mobile&quot;:&quot;&quot;,&quot;jet_parallax_layout_animation_prop&quot;:&quot;transform&quot;,&quot;jet_parallax_layout_on&quot;:[&quot;desktop&quot;,&quot;tablet&quot;]}]}\">\n\t\t\t\t\t\t<div class=\"elementor-container elementor-column-gap-default\">\n\t\t\t\t\t<div class=\"elementor-column elementor-col-100 elementor-top-column elementor-element elementor-element-7d74bb7\" data-id=\"7d74bb7\" data-element_type=\"column\" data-e-type=\"column\">\n\t\t\t<div class=\"elementor-widget-wrap elementor-element-populated\">\n\t\t\t\t\t\t<div class=\"elementor-element elementor-element-2a6fd5b elementor-widget elementor-widget-text-editor\" data-id=\"2a6fd5b\" data-element_type=\"widget\" data-e-type=\"widget\" data-widget_type=\"text-editor.default\">\n\t\t\t\t<div class=\"elementor-widget-container\">\n\t\t\t\t\t\t\t\t\t<p>It has been more than 10 years that our Law Office has represented condominiums and home cooperatives. In this area we provide comprehensive legal advice and counselling regarding any and all legal issues: preparation and modification of founding documents, organisational and operational regulations, house rules, legal support of bids for subsidies, legal support in protection of possession and neighbours\u2019 rights, commenting on draft contracts. <\/p>\n<p>As part of our activities in this area, we participate in the collection of overdue debts by means of judicial payment order or litigation, and represent the condominiums in enforcement and liquidation proceedings.<\/p>\n\t\t\t\t\t\t\t\t<\/div>\n\t\t\t\t<\/div>\n\t\t\t\t\t<\/div>\n\t\t<\/div>\n\t\t\t\t\t<\/div>\n\t\t<\/section>\n\t\t\t\t<section class=\"elementor-section elementor-top-section elementor-element elementor-element-c32ff68 elementor-section-boxed elementor-section-height-default elementor-section-height-default\" data-id=\"c32ff68\" data-element_type=\"section\" data-e-type=\"section\" data-settings=\"{&quot;jet_parallax_layout_list&quot;:[{&quot;jet_parallax_layout_image&quot;:{&quot;url&quot;:&quot;&quot;,&quot;id&quot;:&quot;&quot;,&quot;size&quot;:&quot;&quot;},&quot;_id&quot;:&quot;29390cf&quot;,&quot;jet_parallax_layout_image_tablet&quot;:{&quot;url&quot;:&quot;&quot;,&quot;id&quot;:&quot;&quot;,&quot;size&quot;:&quot;&quot;},&quot;jet_parallax_layout_image_mobile&quot;:{&quot;url&quot;:&quot;&quot;,&quot;id&quot;:&quot;&quot;,&quot;size&quot;:&quot;&quot;},&quot;jet_parallax_layout_speed&quot;:{&quot;unit&quot;:&quot;%&quot;,&quot;size&quot;:50,&quot;sizes&quot;:[]},&quot;jet_parallax_layout_type&quot;:&quot;scroll&quot;,&quot;jet_parallax_layout_direction&quot;:&quot;1&quot;,&quot;jet_parallax_layout_fx_direction&quot;:null,&quot;jet_parallax_layout_z_index&quot;:&quot;&quot;,&quot;jet_parallax_layout_bg_x&quot;:50,&quot;jet_parallax_layout_bg_x_tablet&quot;:&quot;&quot;,&quot;jet_parallax_layout_bg_x_mobile&quot;:&quot;&quot;,&quot;jet_parallax_layout_bg_y&quot;:50,&quot;jet_parallax_layout_bg_y_tablet&quot;:&quot;&quot;,&quot;jet_parallax_layout_bg_y_mobile&quot;:&quot;&quot;,&quot;jet_parallax_layout_bg_size&quot;:&quot;auto&quot;,&quot;jet_parallax_layout_bg_size_tablet&quot;:&quot;&quot;,&quot;jet_parallax_layout_bg_size_mobile&quot;:&quot;&quot;,&quot;jet_parallax_layout_animation_prop&quot;:&quot;transform&quot;,&quot;jet_parallax_layout_on&quot;:[&quot;desktop&quot;,&quot;tablet&quot;]}]}\">\n\t\t\t\t\t\t<div class=\"elementor-container elementor-column-gap-default\">\n\t\t\t\t\t<div class=\"elementor-column elementor-col-100 elementor-top-column elementor-element elementor-element-b44ab9b\" data-id=\"b44ab9b\" data-element_type=\"column\" data-e-type=\"column\">\n\t\t\t<div class=\"elementor-widget-wrap elementor-element-populated\">\n\t\t\t\t\t\t<div class=\"elementor-element elementor-element-9b3393d elementor-align-center elementor-widget elementor-widget-button\" data-id=\"9b3393d\" data-element_type=\"widget\" data-e-type=\"widget\" data-widget_type=\"button.default\">\n\t\t\t\t<div class=\"elementor-widget-container\">\n\t\t\t\t\t\t\t\t\t<div class=\"elementor-button-wrapper\">\n\t\t\t\t\t<a class=\"elementor-button elementor-button-link elementor-size-sm\" href=\"https:\/\/rezmovits.hu\/en\/contact-us\/\">\n\t\t\t\t\t\t<span class=\"elementor-button-content-wrapper\">\n\t\t\t\t\t\t\t\t\t<span class=\"elementor-button-text\">CONTACT US<\/span>\n\t\t\t\t\t<\/span>\n\t\t\t\t\t<\/a>\n\t\t\t\t<\/div>\n\t\t\t\t\t\t\t\t<\/div>\n\t\t\t\t<\/div>\n\t\t\t\t\t<\/div>\n\t\t<\/div>\n\t\t\t\t\t<\/div>\n\t\t<\/section>\n\t\t\t\t<\/div>\n\t\t","protected":false},"excerpt":{"rendered":"<p>Representing condominiums, debt collection It has been more than 10 years that our Law Office has represented condominiums and home cooperatives. In this area we provide comprehensive legal advice and counselling regarding any and all legal issues: preparation and modification of founding documents, organisational and operational regulations, house rules, legal support of bids for subsidies, &#8230; <a title=\"Representing condominiums, debt collection\" class=\"read-more\" href=\"https:\/\/rezmovits.hu\/en\/representing-condominiums-debt-collection\/\" aria-label=\"Read more about Representing condominiums, debt collection\">Read more<\/a><\/p>\n","protected":false},"author":1,"featured_media":487,"parent":0,"menu_order":0,"comment_status":"closed","ping_status":"closed","template":"elementor_header_footer","meta":{"footnotes":""},"class_list":["post-462","page","type-page","status-publish","has-post-thumbnail"],"yoast_head":"<!-- This site is optimized with the Yoast SEO Premium plugin v26.2 (Yoast SEO v27.4) - https:\/\/yoast.com\/product\/yoast-seo-premium-wordpress\/ -->\n<title>Representing condominiums, debt collection - R\u00e9zmovits &amp; Po\u00f3r \u00dcgyv\u00e9di Iroda<\/title>\n<meta name=\"robots\" content=\"index, follow, max-snippet:-1, max-image-preview:large, max-video-preview:-1\" \/>\n<link rel=\"canonical\" href=\"https:\/\/rezmovits.hu\/en\/representing-condominiums-debt-collection\/\" \/>\n<meta property=\"og:locale\" content=\"en_US\" \/>\n<meta property=\"og:type\" content=\"article\" \/>\n<meta property=\"og:title\" content=\"Representing condominiums, debt collection\" \/>\n<meta property=\"og:description\" content=\"Representing condominiums, debt collection It has been more than 10 years that our Law Office has represented condominiums and home cooperatives. In this area we provide comprehensive legal advice and counselling regarding any and all legal issues: preparation and modification of founding documents, organisational and operational regulations, house rules, legal support of bids for subsidies, ... Read more\" \/>\n<meta property=\"og:url\" content=\"https:\/\/rezmovits.hu\/en\/representing-condominiums-debt-collection\/\" \/>\n<meta property=\"og:site_name\" content=\"R\u00e9zmovits &amp; Po\u00f3r \u00dcgyv\u00e9di Iroda\" \/>\n<meta property=\"article:modified_time\" content=\"2021-10-14T07:47:53+00:00\" \/>\n<meta property=\"og:image\" content=\"https:\/\/rezmovits.hu\/wp-content\/uploads\/2021\/10\/OG-image.jpg\" \/>\n\t<meta property=\"og:image:width\" content=\"1493\" \/>\n\t<meta property=\"og:image:height\" content=\"599\" \/>\n\t<meta property=\"og:image:type\" content=\"image\/jpeg\" \/>\n<meta name=\"twitter:card\" content=\"summary_large_image\" \/>\n<meta name=\"twitter:label1\" content=\"Est. reading time\" \/>\n\t<meta name=\"twitter:data1\" content=\"1 minute\" \/>\n<script type=\"application\/ld+json\" class=\"yoast-schema-graph\">{\"@context\":\"https:\\\/\\\/schema.org\",\"@graph\":[{\"@type\":\"WebPage\",\"@id\":\"https:\\\/\\\/rezmovits.hu\\\/en\\\/representing-condominiums-debt-collection\\\/\",\"url\":\"https:\\\/\\\/rezmovits.hu\\\/en\\\/representing-condominiums-debt-collection\\\/\",\"name\":\"Representing condominiums, debt collection - R\u00e9zmovits &amp; Po\u00f3r \u00dcgyv\u00e9di Iroda\",\"isPartOf\":{\"@id\":\"https:\\\/\\\/rezmovits.hu\\\/#website\"},\"primaryImageOfPage\":{\"@id\":\"https:\\\/\\\/rezmovits.hu\\\/en\\\/representing-condominiums-debt-collection\\\/#primaryimage\"},\"image\":{\"@id\":\"https:\\\/\\\/rezmovits.hu\\\/en\\\/representing-condominiums-debt-collection\\\/#primaryimage\"},\"thumbnailUrl\":\"https:\\\/\\\/rezmovits.hu\\\/wp-content\\\/uploads\\\/2021\\\/10\\\/OG-image.jpg\",\"datePublished\":\"2021-10-11T13:07:44+00:00\",\"dateModified\":\"2021-10-14T07:47:53+00:00\",\"breadcrumb\":{\"@id\":\"https:\\\/\\\/rezmovits.hu\\\/en\\\/representing-condominiums-debt-collection\\\/#breadcrumb\"},\"inLanguage\":\"en-US\",\"potentialAction\":[{\"@type\":\"ReadAction\",\"target\":[\"https:\\\/\\\/rezmovits.hu\\\/en\\\/representing-condominiums-debt-collection\\\/\"]}]},{\"@type\":\"ImageObject\",\"inLanguage\":\"en-US\",\"@id\":\"https:\\\/\\\/rezmovits.hu\\\/en\\\/representing-condominiums-debt-collection\\\/#primaryimage\",\"url\":\"https:\\\/\\\/rezmovits.hu\\\/wp-content\\\/uploads\\\/2021\\\/10\\\/OG-image.jpg\",\"contentUrl\":\"https:\\\/\\\/rezmovits.hu\\\/wp-content\\\/uploads\\\/2021\\\/10\\\/OG-image.jpg\",\"width\":1493,\"height\":599},{\"@type\":\"BreadcrumbList\",\"@id\":\"https:\\\/\\\/rezmovits.hu\\\/en\\\/representing-condominiums-debt-collection\\\/#breadcrumb\",\"itemListElement\":[{\"@type\":\"ListItem\",\"position\":1,\"name\":\"Home\",\"item\":\"https:\\\/\\\/rezmovits.hu\\\/en\\\/\"},{\"@type\":\"ListItem\",\"position\":2,\"name\":\"Representing condominiums, debt collection\"}]},{\"@type\":\"WebSite\",\"@id\":\"https:\\\/\\\/rezmovits.hu\\\/#website\",\"url\":\"https:\\\/\\\/rezmovits.hu\\\/\",\"name\":\"R\u00e9zmovits &amp; Po\u00f3r \u00dcgyv\u00e9di Iroda\",\"description\":\"My WordPress Blog\",\"publisher\":{\"@id\":\"https:\\\/\\\/rezmovits.hu\\\/#organization\"},\"potentialAction\":[{\"@type\":\"SearchAction\",\"target\":{\"@type\":\"EntryPoint\",\"urlTemplate\":\"https:\\\/\\\/rezmovits.hu\\\/?s={search_term_string}\"},\"query-input\":{\"@type\":\"PropertyValueSpecification\",\"valueRequired\":true,\"valueName\":\"search_term_string\"}}],\"inLanguage\":\"en-US\"},{\"@type\":\"Organization\",\"@id\":\"https:\\\/\\\/rezmovits.hu\\\/#organization\",\"name\":\"R\u00e9zmovits & Po\u00f3r \u00dcgyv\u00e9di Iroda\",\"url\":\"https:\\\/\\\/rezmovits.hu\\\/\",\"logo\":{\"@type\":\"ImageObject\",\"inLanguage\":\"en-US\",\"@id\":\"https:\\\/\\\/rezmovits.hu\\\/#\\\/schema\\\/logo\\\/image\\\/\",\"url\":\"https:\\\/\\\/rezmovits.hu\\\/wp-content\\\/uploads\\\/2021\\\/08\\\/rezmovits_logo.png\",\"contentUrl\":\"https:\\\/\\\/rezmovits.hu\\\/wp-content\\\/uploads\\\/2021\\\/08\\\/rezmovits_logo.png\",\"width\":2000,\"height\":504,\"caption\":\"R\u00e9zmovits & Po\u00f3r \u00dcgyv\u00e9di Iroda\"},\"image\":{\"@id\":\"https:\\\/\\\/rezmovits.hu\\\/#\\\/schema\\\/logo\\\/image\\\/\"}}]}<\/script>\n<!-- \/ Yoast SEO Premium plugin. -->","yoast_head_json":{"title":"Representing condominiums, debt collection - R\u00e9zmovits &amp; Po\u00f3r \u00dcgyv\u00e9di Iroda","robots":{"index":"index","follow":"follow","max-snippet":"max-snippet:-1","max-image-preview":"max-image-preview:large","max-video-preview":"max-video-preview:-1"},"canonical":"https:\/\/rezmovits.hu\/en\/representing-condominiums-debt-collection\/","og_locale":"en_US","og_type":"article","og_title":"Representing condominiums, debt collection","og_description":"Representing condominiums, debt collection It has been more than 10 years that our Law Office has represented condominiums and home cooperatives. In this area we provide comprehensive legal advice and counselling regarding any and all legal issues: preparation and modification of founding documents, organisational and operational regulations, house rules, legal support of bids for subsidies, ... Read more","og_url":"https:\/\/rezmovits.hu\/en\/representing-condominiums-debt-collection\/","og_site_name":"R\u00e9zmovits &amp; Po\u00f3r \u00dcgyv\u00e9di Iroda","article_modified_time":"2021-10-14T07:47:53+00:00","og_image":[{"width":1493,"height":599,"url":"https:\/\/rezmovits.hu\/wp-content\/uploads\/2021\/10\/OG-image.jpg","type":"image\/jpeg"}],"twitter_card":"summary_large_image","twitter_misc":{"Est. reading time":"1 minute"},"schema":{"@context":"https:\/\/schema.org","@graph":[{"@type":"WebPage","@id":"https:\/\/rezmovits.hu\/en\/representing-condominiums-debt-collection\/","url":"https:\/\/rezmovits.hu\/en\/representing-condominiums-debt-collection\/","name":"Representing condominiums, debt collection - R\u00e9zmovits &amp; Po\u00f3r \u00dcgyv\u00e9di Iroda","isPartOf":{"@id":"https:\/\/rezmovits.hu\/#website"},"primaryImageOfPage":{"@id":"https:\/\/rezmovits.hu\/en\/representing-condominiums-debt-collection\/#primaryimage"},"image":{"@id":"https:\/\/rezmovits.hu\/en\/representing-condominiums-debt-collection\/#primaryimage"},"thumbnailUrl":"https:\/\/rezmovits.hu\/wp-content\/uploads\/2021\/10\/OG-image.jpg","datePublished":"2021-10-11T13:07:44+00:00","dateModified":"2021-10-14T07:47:53+00:00","breadcrumb":{"@id":"https:\/\/rezmovits.hu\/en\/representing-condominiums-debt-collection\/#breadcrumb"},"inLanguage":"en-US","potentialAction":[{"@type":"ReadAction","target":["https:\/\/rezmovits.hu\/en\/representing-condominiums-debt-collection\/"]}]},{"@type":"ImageObject","inLanguage":"en-US","@id":"https:\/\/rezmovits.hu\/en\/representing-condominiums-debt-collection\/#primaryimage","url":"https:\/\/rezmovits.hu\/wp-content\/uploads\/2021\/10\/OG-image.jpg","contentUrl":"https:\/\/rezmovits.hu\/wp-content\/uploads\/2021\/10\/OG-image.jpg","width":1493,"height":599},{"@type":"BreadcrumbList","@id":"https:\/\/rezmovits.hu\/en\/representing-condominiums-debt-collection\/#breadcrumb","itemListElement":[{"@type":"ListItem","position":1,"name":"Home","item":"https:\/\/rezmovits.hu\/en\/"},{"@type":"ListItem","position":2,"name":"Representing condominiums, debt collection"}]},{"@type":"WebSite","@id":"https:\/\/rezmovits.hu\/#website","url":"https:\/\/rezmovits.hu\/","name":"R\u00e9zmovits &amp; Po\u00f3r \u00dcgyv\u00e9di Iroda","description":"My WordPress Blog","publisher":{"@id":"https:\/\/rezmovits.hu\/#organization"},"potentialAction":[{"@type":"SearchAction","target":{"@type":"EntryPoint","urlTemplate":"https:\/\/rezmovits.hu\/?s={search_term_string}"},"query-input":{"@type":"PropertyValueSpecification","valueRequired":true,"valueName":"search_term_string"}}],"inLanguage":"en-US"},{"@type":"Organization","@id":"https:\/\/rezmovits.hu\/#organization","name":"R\u00e9zmovits & Po\u00f3r \u00dcgyv\u00e9di Iroda","url":"https:\/\/rezmovits.hu\/","logo":{"@type":"ImageObject","inLanguage":"en-US","@id":"https:\/\/rezmovits.hu\/#\/schema\/logo\/image\/","url":"https:\/\/rezmovits.hu\/wp-content\/uploads\/2021\/08\/rezmovits_logo.png","contentUrl":"https:\/\/rezmovits.hu\/wp-content\/uploads\/2021\/08\/rezmovits_logo.png","width":2000,"height":504,"caption":"R\u00e9zmovits & Po\u00f3r \u00dcgyv\u00e9di Iroda"},"image":{"@id":"https:\/\/rezmovits.hu\/#\/schema\/logo\/image\/"}}]}},"_links":{"self":[{"href":"https:\/\/rezmovits.hu\/en\/wp-json\/wp\/v2\/pages\/462","targetHints":{"allow":["GET"]}}],"collection":[{"href":"https:\/\/rezmovits.hu\/en\/wp-json\/wp\/v2\/pages"}],"about":[{"href":"https:\/\/rezmovits.hu\/en\/wp-json\/wp\/v2\/types\/page"}],"author":[{"embeddable":true,"href":"https:\/\/rezmovits.hu\/en\/wp-json\/wp\/v2\/users\/1"}],"replies":[{"embeddable":true,"href":"https:\/\/rezmovits.hu\/en\/wp-json\/wp\/v2\/comments?post=462"}],"version-history":[{"count":7,"href":"https:\/\/rezmovits.hu\/en\/wp-json\/wp\/v2\/pages\/462\/revisions"}],"predecessor-version":[{"id":553,"href":"https:\/\/rezmovits.hu\/en\/wp-json\/wp\/v2\/pages\/462\/revisions\/553"}],"wp:featuredmedia":[{"embeddable":true,"href":"https:\/\/rezmovits.hu\/en\/wp-json\/wp\/v2\/media\/487"}],"wp:attachment":[{"href":"https:\/\/rezmovits.hu\/en\/wp-json\/wp\/v2\/media?parent=462"}],"curies":[{"name":"wp","href":"https:\/\/api.w.org\/{rel}","templated":true}]}}